{"id":24525,"date":"2020-10-28T15:59:51","date_gmt":"2020-10-28T18:59:51","guid":{"rendered":"https:\/\/analaselvafisioterapia.com.br\/?page_id=24525"},"modified":"2020-10-29T12:08:34","modified_gmt":"2020-10-29T15:08:34","slug":"dicas-uteis","status":"publish","type":"page","link":"https:\/\/analaselvafisioterapia.com.br\/index.php\/dicas-uteis\/","title":{"rendered":"Dicas \u00dateis"},"content":{"rendered":"\t\t<div data-elementor-type=\"wp-page\" data-elementor-id=\"24525\" class=\"elementor elementor-24525\">\n\t\t\t\t\t\t<section class=\"elementor-section elementor-top-section elementor-element elementor-element-1341253 elementor-section-boxed elementor-section-height-default elementor-section-height-default\" data-id=\"1341253\" data-element_type=\"section\" data-e-type=\"section\">\n\t\t\t\t\t\t<div class=\"elementor-container elementor-column-gap-no\">\n\t\t\t\t\t<div class=\"elementor-column elementor-col-100 elementor-top-column elementor-element elementor-element-940455c\" data-id=\"940455c\" data-element_type=\"column\" data-e-type=\"column\">\n\t\t\t<div class=\"elementor-widget-wrap elementor-element-populated\">\n\t\t\t\t\t\t<div class=\"elementor-element elementor-element-e97b865 elementor-widget elementor-widget-heading\" data-id=\"e97b865\" data-element_type=\"widget\" data-e-type=\"widget\" data-widget_type=\"heading.default\">\n\t\t\t\t<div class=\"elementor-widget-container\">\n\t\t\t\t\t<h1 class=\"elementor-heading-title elementor-size-default\">Dicas \u00dateis<\/h1>\t\t\t\t<\/div>\n\t\t\t\t<\/div>\n\t\t\t\t<div class=\"elementor-element elementor-element-b37c8b6 elementor-absolute elementor-widget elementor-widget-image\" data-id=\"b37c8b6\" data-element_type=\"widget\" data-e-type=\"widget\" data-settings=\"{&quot;_position&quot;:&quot;absolute&quot;}\" data-widget_type=\"image.default\">\n\t\t\t\t<div class=\"elementor-widget-container\">\n\t\t\t\t\t\t\t\t\t\t\t\t\t\t\t<img fetchpriority=\"high\" decoding=\"async\" width=\"400\" height=\"192\" src=\"https:\/\/analaselvafisioterapia.com.br\/wp-content\/uploads\/2020\/10\/pattern.png\" class=\"attachment-large size-large wp-image-77\" alt=\"\" srcset=\"https:\/\/analaselvafisioterapia.com.br\/wp-content\/uploads\/2020\/10\/pattern.png 400w, https:\/\/analaselvafisioterapia.com.br\/wp-content\/uploads\/2020\/10\/pattern-300x144.png 300w\" sizes=\"(max-width: 400px) 100vw, 400px\" \/>\t\t\t\t\t\t\t\t\t\t\t\t\t\t\t<\/div>\n\t\t\t\t<\/div>\n\t\t\t\t<div class=\"elementor-element elementor-element-b195499 elementor-widget elementor-widget-text-editor\" data-id=\"b195499\" data-element_type=\"widget\" data-e-type=\"widget\" data-widget_type=\"text-editor.default\">\n\t\t\t\t<div class=\"elementor-widget-container\">\n\t\t\t\t\t\t\t\t\t<p>O corpo reage \u00e0s maiores adversidades, porem isso s\u00f3 acontece durante um certo per\u00edodo ap\u00f3s o qual o corpo come\u00e7a a reagir atrav\u00e9s da dor, que segue uma gradua\u00e7\u00e3o.<\/p>\t\t\t\t\t\t\t\t<\/div>\n\t\t\t\t<\/div>\n\t\t\t\t\t<\/div>\n\t\t<\/div>\n\t\t\t\t\t<\/div>\n\t\t<\/section>\n\t\t\t\t<section class=\"elementor-section elementor-top-section elementor-element elementor-element-2366b00 elementor-section-content-middle elementor-section-boxed elementor-section-height-default elementor-section-height-default\" data-id=\"2366b00\" data-element_type=\"section\" data-e-type=\"section\" data-settings=\"{&quot;background_background&quot;:&quot;classic&quot;}\">\n\t\t\t\t\t\t<div class=\"elementor-container elementor-column-gap-default\">\n\t\t\t\t\t<div class=\"elementor-column elementor-col-50 elementor-top-column elementor-element elementor-element-8c30c48\" data-id=\"8c30c48\" data-element_type=\"column\" data-e-type=\"column\">\n\t\t\t<div class=\"elementor-widget-wrap elementor-element-populated\">\n\t\t\t\t\t\t<div class=\"elementor-element elementor-element-a98465f elementor-widget elementor-widget-text-editor\" data-id=\"a98465f\" data-element_type=\"widget\" data-e-type=\"widget\" data-widget_type=\"text-editor.default\">\n\t\t\t\t<div class=\"elementor-widget-container\">\n\t\t\t\t\t\t\t\t\t<p>SABER RECONHECER SUAS DORES E RESPEIT\u00c1-LAS, DIMINUI O RISCO DE TRANSFORMAR ALERTAS EM GRANDES PATOLOGIAS.<\/p><p><strong>DICAS \u00daTEIS<br \/><\/strong><span style=\"font-family: Arial, Helvetica, sans-serif; font-size: small;\">pequenos maus-jeitos provocam dores que n\u00e3o devem durar mais de 2 dias <\/span><span style=\"font-family: Arial, Helvetica, sans-serif; font-size: small;\">dores frequentes, que se repetem 2, 3 vezes por semana devem ser pesquisadas <\/span><span style=\"font-family: Arial, Helvetica, sans-serif; font-size: small;\">dores cr\u00f4nicas diminuem o poder de concentra\u00e7\u00e3o e a efic\u00e1cia na execu\u00e7\u00e3o das tarefas do dia a dia e do trabalho <\/span><span style=\"font-family: Arial, Helvetica, sans-serif; font-size: small;\">preste aten\u00e7\u00e3o em movimentos que com frequ\u00eancia provoquem inc\u00f4modos <\/span><span style=\"font-family: Arial, Helvetica, sans-serif; font-size: small;\">exerc\u00edcios f\u00edsicos n\u00e3o devem provocar dores.<\/span><\/p><p><span style=\"font-family: Arial, Helvetica, sans-serif; font-size: small;\">A R.P.G. &#8211; Reeduca\u00e7\u00e3o Postural Global, t\u00e9cnica de fisioterapia criada na Fran\u00e7a, compara o corpo a um empilhamento de blocos para explicar melhor sua linha de racioc\u00ednio. Estando um dos blocos fora do eixo, todo o empilhamento assumi um desequil\u00edbrio que leva o corpo a modificar a postura. Para corrigirmos o chamado &#8220;bloco problema&#8221; precisamos tratar todo o empilhamento, no caso, todo o corpo ao mesmo tempo, da\u00ed o Global . A postura errada causada pelo empilhamento errado, por sua vez, traz com o tempo o desgaste das articula\u00e7\u00f5es, fadiga e tens\u00e3o muscular e dores cr\u00f4nicas .<\/span><\/p><p><span style=\"font-family: Arial, Helvetica, sans-serif; font-size: small;\">Atrav\u00e9s do estudo dessas compensa\u00e7\u00f5es feito em uma primeira consulta o rpgista mapeia o tratamento do paciente que \u00e9 feito normalmente em sess\u00f5es semanais com exerc\u00edcios de alonga- mento global e de respira\u00e7\u00e3o e tra\u00e7\u00f5es denominadas de pompagens. Esses exerc\u00edcios s\u00e3o feitos em forma de posturas onde se consegue tratar ao mesmo tempo as patologias e as suas causas.<\/span><\/p>\t\t\t\t\t\t\t\t<\/div>\n\t\t\t\t<\/div>\n\t\t\t\t\t<\/div>\n\t\t<\/div>\n\t\t\t\t<div class=\"elementor-column elementor-col-50 elementor-top-column elementor-element elementor-element-a56b004\" data-id=\"a56b004\" data-element_type=\"column\" data-e-type=\"column\">\n\t\t\t<div class=\"elementor-widget-wrap elementor-element-populated\">\n\t\t\t\t\t\t<section class=\"elementor-section elementor-inner-section elementor-element elementor-element-754b843 elementor-section-content-bottom elementor-section-boxed elementor-section-height-default elementor-section-height-default\" data-id=\"754b843\" data-element_type=\"section\" data-e-type=\"section\">\n\t\t\t\t\t\t<div class=\"elementor-container elementor-column-gap-no\">\n\t\t\t\t\t<div class=\"elementor-column elementor-col-66 elementor-inner-column elementor-element elementor-element-aef27db\" data-id=\"aef27db\" data-element_type=\"column\" data-e-type=\"column\">\n\t\t\t<div class=\"elementor-widget-wrap elementor-element-populated\">\n\t\t\t\t\t\t<div class=\"elementor-element elementor-element-9c7989d elementor-widget elementor-widget-image\" data-id=\"9c7989d\" data-element_type=\"widget\" data-e-type=\"widget\" data-widget_type=\"image.default\">\n\t\t\t\t<div class=\"elementor-widget-container\">\n\t\t\t\t\t\t\t\t\t\t\t\t\t\t\t\t<a href=\"https:\/\/analaselvafisioterapia.com.br\/wp-content\/uploads\/2020\/10\/foto-dor.jpg\" data-elementor-open-lightbox=\"yes\" data-elementor-lightbox-title=\"foto-dor\" data-e-action-hash=\"#elementor-action%3Aaction%3Dlightbox%26settings%3DeyJpZCI6MjQ1OTksInVybCI6Imh0dHBzOlwvXC9hbmFsYXNlbHZhZmlzaW90ZXJhcGlhLmNvbS5iclwvd3AtY29udGVudFwvdXBsb2Fkc1wvMjAyMFwvMTBcL2ZvdG8tZG9yLmpwZyJ9\">\n\t\t\t\t\t\t\t<img decoding=\"async\" width=\"848\" height=\"519\" src=\"https:\/\/analaselvafisioterapia.com.br\/wp-content\/uploads\/2020\/10\/foto-dor.jpg\" class=\"attachment-large size-large wp-image-24599\" alt=\"\" srcset=\"https:\/\/analaselvafisioterapia.com.br\/wp-content\/uploads\/2020\/10\/foto-dor.jpg 848w, https:\/\/analaselvafisioterapia.com.br\/wp-content\/uploads\/2020\/10\/foto-dor-300x184.jpg 300w, https:\/\/analaselvafisioterapia.com.br\/wp-content\/uploads\/2020\/10\/foto-dor-768x470.jpg 768w\" sizes=\"(max-width: 848px) 100vw, 848px\" \/>\t\t\t\t\t\t\t\t<\/a>\n\t\t\t\t\t\t\t\t\t\t\t\t\t\t\t<\/div>\n\t\t\t\t<\/div>\n\t\t\t\t\t<\/div>\n\t\t<\/div>\n\t\t\t\t<div class=\"elementor-column elementor-col-33 elementor-inner-column elementor-element elementor-element-c65b049\" data-id=\"c65b049\" data-element_type=\"column\" data-e-type=\"column\">\n\t\t\t<div class=\"elementor-widget-wrap elementor-element-populated\">\n\t\t\t\t\t\t<div class=\"elementor-element elementor-element-52ceeb6 elementor-widget elementor-widget-image\" data-id=\"52ceeb6\" data-element_type=\"widget\" data-e-type=\"widget\" data-widget_type=\"image.default\">\n\t\t\t\t<div class=\"elementor-widget-container\">\n\t\t\t\t\t\t\t\t\t\t\t\t\t\t\t\t<a href=\"https:\/\/analaselvafisioterapia.com.br\/wp-content\/uploads\/2020\/10\/dores1.jpg\" data-elementor-open-lightbox=\"yes\" data-elementor-lightbox-title=\"dores1\" data-e-action-hash=\"#elementor-action%3Aaction%3Dlightbox%26settings%3DeyJpZCI6MjQ2MDIsInVybCI6Imh0dHBzOlwvXC9hbmFsYXNlbHZhZmlzaW90ZXJhcGlhLmNvbS5iclwvd3AtY29udGVudFwvdXBsb2Fkc1wvMjAyMFwvMTBcL2RvcmVzMS5qcGcifQ%3D%3D\">\n\t\t\t\t\t\t\t<img decoding=\"async\" width=\"360\" height=\"480\" src=\"https:\/\/analaselvafisioterapia.com.br\/wp-content\/uploads\/2020\/10\/dores1.jpg\" class=\"attachment-large size-large wp-image-24602\" alt=\"\" srcset=\"https:\/\/analaselvafisioterapia.com.br\/wp-content\/uploads\/2020\/10\/dores1.jpg 360w, https:\/\/analaselvafisioterapia.com.br\/wp-content\/uploads\/2020\/10\/dores1-225x300.jpg 225w\" sizes=\"(max-width: 360px) 100vw, 360px\" \/>\t\t\t\t\t\t\t\t<\/a>\n\t\t\t\t\t\t\t\t\t\t\t\t\t\t\t<\/div>\n\t\t\t\t<\/div>\n\t\t\t\t\t<\/div>\n\t\t<\/div>\n\t\t\t\t\t<\/div>\n\t\t<\/section>\n\t\t\t\t<section class=\"elementor-section elementor-inner-section elementor-element elementor-element-d74a0b6 elementor-section-content-top elementor-section-boxed elementor-section-height-default elementor-section-height-default\" data-id=\"d74a0b6\" data-element_type=\"section\" data-e-type=\"section\">\n\t\t\t\t\t\t<div class=\"elementor-container elementor-column-gap-no\">\n\t\t\t\t\t<div class=\"elementor-column elementor-col-33 elementor-inner-column elementor-element elementor-element-fac0221\" data-id=\"fac0221\" data-element_type=\"column\" data-e-type=\"column\">\n\t\t\t<div class=\"elementor-widget-wrap elementor-element-populated\">\n\t\t\t\t\t\t<div class=\"elementor-element elementor-element-da958a4 elementor-widget elementor-widget-image\" data-id=\"da958a4\" data-element_type=\"widget\" data-e-type=\"widget\" data-widget_type=\"image.default\">\n\t\t\t\t<div class=\"elementor-widget-container\">\n\t\t\t\t\t\t\t\t\t\t\t\t\t\t\t\t<a href=\"https:\/\/analaselvafisioterapia.com.br\/wp-content\/uploads\/2020\/10\/dor-costas.jpg\" data-elementor-open-lightbox=\"yes\" data-elementor-lightbox-title=\"dor-costas\" data-e-action-hash=\"#elementor-action%3Aaction%3Dlightbox%26settings%3DeyJpZCI6MjQ2MTcsInVybCI6Imh0dHBzOlwvXC9hbmFsYXNlbHZhZmlzaW90ZXJhcGlhLmNvbS5iclwvd3AtY29udGVudFwvdXBsb2Fkc1wvMjAyMFwvMTBcL2Rvci1jb3N0YXMuanBnIn0%3D\">\n\t\t\t\t\t\t\t<img loading=\"lazy\" decoding=\"async\" width=\"200\" height=\"280\" src=\"https:\/\/analaselvafisioterapia.com.br\/wp-content\/uploads\/2020\/10\/dor-costas.jpg\" class=\"attachment-large size-large wp-image-24617\" alt=\"\" \/>\t\t\t\t\t\t\t\t<\/a>\n\t\t\t\t\t\t\t\t\t\t\t\t\t\t\t<\/div>\n\t\t\t\t<\/div>\n\t\t\t\t\t<\/div>\n\t\t<\/div>\n\t\t\t\t<div class=\"elementor-column elementor-col-66 elementor-inner-column elementor-element elementor-element-ee4ccd9\" data-id=\"ee4ccd9\" data-element_type=\"column\" data-e-type=\"column\">\n\t\t\t<div class=\"elementor-widget-wrap elementor-element-populated\">\n\t\t\t\t\t\t<div class=\"elementor-element elementor-element-507854d elementor-widget elementor-widget-image\" data-id=\"507854d\" data-element_type=\"widget\" data-e-type=\"widget\" data-widget_type=\"image.default\">\n\t\t\t\t<div class=\"elementor-widget-container\">\n\t\t\t\t\t\t\t\t\t\t\t\t\t\t\t\t<a href=\"https:\/\/analaselvafisioterapia.com.br\/wp-content\/uploads\/2020\/10\/rpg-no-tratamento-da-hernia-discal2-scaled-1.jpg\" data-elementor-open-lightbox=\"yes\" data-elementor-lightbox-title=\"rpg-no-tratamento-da-hernia-discal2-scaled\" data-e-action-hash=\"#elementor-action%3Aaction%3Dlightbox%26settings%3DeyJpZCI6MjQ2MTMsInVybCI6Imh0dHBzOlwvXC9hbmFsYXNlbHZhZmlzaW90ZXJhcGlhLmNvbS5iclwvd3AtY29udGVudFwvdXBsb2Fkc1wvMjAyMFwvMTBcL3JwZy1uby10cmF0YW1lbnRvLWRhLWhlcm5pYS1kaXNjYWwyLXNjYWxlZC0xLmpwZyJ9\">\n\t\t\t\t\t\t\t<img loading=\"lazy\" decoding=\"async\" width=\"1024\" height=\"639\" src=\"https:\/\/analaselvafisioterapia.com.br\/wp-content\/uploads\/2020\/10\/rpg-no-tratamento-da-hernia-discal2-scaled-1-1024x639.jpg\" class=\"attachment-large size-large wp-image-24613\" alt=\"\" srcset=\"https:\/\/analaselvafisioterapia.com.br\/wp-content\/uploads\/2020\/10\/rpg-no-tratamento-da-hernia-discal2-scaled-1-1024x639.jpg 1024w, https:\/\/analaselvafisioterapia.com.br\/wp-content\/uploads\/2020\/10\/rpg-no-tratamento-da-hernia-discal2-scaled-1-300x187.jpg 300w, https:\/\/analaselvafisioterapia.com.br\/wp-content\/uploads\/2020\/10\/rpg-no-tratamento-da-hernia-discal2-scaled-1-768x479.jpg 768w, https:\/\/analaselvafisioterapia.com.br\/wp-content\/uploads\/2020\/10\/rpg-no-tratamento-da-hernia-discal2-scaled-1-1536x958.jpg 1536w, https:\/\/analaselvafisioterapia.com.br\/wp-content\/uploads\/2020\/10\/rpg-no-tratamento-da-hernia-discal2-scaled-1-2048x1278.jpg 2048w\" sizes=\"(max-width: 1024px) 100vw, 1024px\" \/>\t\t\t\t\t\t\t\t<\/a>\n\t\t\t\t\t\t\t\t\t\t\t\t\t\t\t<\/div>\n\t\t\t\t<\/div>\n\t\t\t\t\t<\/div>\n\t\t<\/div>\n\t\t\t\t\t<\/div>\n\t\t<\/section>\n\t\t\t\t\t<\/div>\n\t\t<\/div>\n\t\t\t\t\t<\/div>\n\t\t<\/section>\n\t\t\t\t<section class=\"elementor-section elementor-top-section elementor-element elementor-element-7d8a468 elementor-section-boxed elementor-section-height-default elementor-section-height-default\" data-id=\"7d8a468\" data-element_type=\"section\" data-e-type=\"section\">\n\t\t\t\t\t\t<div class=\"elementor-container elementor-column-gap-no\">\n\t\t\t\t\t<div class=\"elementor-column elementor-col-100 elementor-top-column elementor-element elementor-element-a6efad3\" data-id=\"a6efad3\" data-element_type=\"column\" data-e-type=\"column\">\n\t\t\t<div class=\"elementor-widget-wrap elementor-element-populated\">\n\t\t\t\t\t\t<div class=\"elementor-element elementor-element-67eec0b elementor-widget elementor-widget-heading\" data-id=\"67eec0b\" data-element_type=\"widget\" data-e-type=\"widget\" data-widget_type=\"heading.default\">\n\t\t\t\t<div class=\"elementor-widget-container\">\n\t\t\t\t\t<div class=\"elementor-heading-title elementor-size-default\">Reflex\u00e3o<\/div>\t\t\t\t<\/div>\n\t\t\t\t<\/div>\n\t\t\t\t<div class=\"elementor-element elementor-element-1441235 elementor-widget elementor-widget-text-editor\" data-id=\"1441235\" data-element_type=\"widget\" data-e-type=\"widget\" data-widget_type=\"text-editor.default\">\n\t\t\t\t<div class=\"elementor-widget-container\">\n\t\t\t\t\t\t\t\t\t<p><em>E assim que a conex\u00e3o entre a sabedoria interna do paciente e as minhas m\u00e3os se instale, minhas m\u00e3os saber\u00e3o o que fazer, e eu as observo&#8230;\u201d <\/em><\/p><p><em>DR. John Upledger<\/em><\/p>\t\t\t\t\t\t\t\t<\/div>\n\t\t\t\t<\/div>\n\t\t\t\t<div class=\"elementor-element elementor-element-0342006 elementor-absolute elementor-widget elementor-widget-image\" data-id=\"0342006\" data-element_type=\"widget\" data-e-type=\"widget\" data-settings=\"{&quot;_position&quot;:&quot;absolute&quot;}\" data-widget_type=\"image.default\">\n\t\t\t\t<div class=\"elementor-widget-container\">\n\t\t\t\t\t\t\t\t\t\t\t\t\t\t\t<img fetchpriority=\"high\" decoding=\"async\" width=\"400\" height=\"192\" src=\"https:\/\/analaselvafisioterapia.com.br\/wp-content\/uploads\/2020\/10\/pattern.png\" class=\"attachment-large size-large wp-image-77\" alt=\"\" srcset=\"https:\/\/analaselvafisioterapia.com.br\/wp-content\/uploads\/2020\/10\/pattern.png 400w, https:\/\/analaselvafisioterapia.com.br\/wp-content\/uploads\/2020\/10\/pattern-300x144.png 300w\" sizes=\"(max-width: 400px) 100vw, 400px\" \/>\t\t\t\t\t\t\t\t\t\t\t\t\t\t\t<\/div>\n\t\t\t\t<\/div>\n\t\t\t\t\t<\/div>\n\t\t<\/div>\n\t\t\t\t\t<\/div>\n\t\t<\/section>\n\t\t\t\t<\/div>\n\t\t","protected":false},"excerpt":{"rendered":"<p>Dicas \u00dateis O corpo reage \u00e0s maiores adversidades, porem isso s\u00f3 acontece durante um certo per\u00edodo ap\u00f3s o qual o corpo come\u00e7a a reagir atrav\u00e9s da dor, que segue uma gradua\u00e7\u00e3o. SABER RECONHECER SUAS DORES E RESPEIT\u00c1-LAS, DIMINUI O RISCO DE TRANSFORMAR ALERTAS EM GRANDES PATOLOGIAS. DICAS \u00daTEISpequenos maus-jeitos provocam dores que n\u00e3o devem durar [&hellip;]<\/p>\n","protected":false},"author":3,"featured_media":0,"parent":0,"menu_order":0,"comment_status":"closed","ping_status":"closed","template":"","meta":{"site-sidebar-layout":"no-sidebar","site-content-layout":"page-builder","ast-site-content-layout":"default","site-content-style":"default","site-sidebar-style":"default","ast-global-header-display":"","ast-banner-title-visibility":"","ast-main-header-display":"","ast-hfb-above-header-display":"","ast-hfb-below-header-display":"","ast-hfb-mobile-header-display":"","site-post-title":"disabled","ast-breadcrumbs-content":"","ast-featured-img":"disabled","footer-sml-layout":"","ast-disable-related-posts":"","theme-transparent-header-meta":"default","adv-header-id-meta":"","stick-header-meta":"","header-above-stick-meta":"","header-main-stick-meta":"","header-below-stick-meta":"","astra-migrate-meta-layouts":"default","ast-page-background-enabled":"default","ast-page-background-meta":{"desktop":{"background-color":"","background-image":"","background-repeat":"repeat","background-position":"center center","background-size":"auto","background-attachment":"scroll","background-type":"","background-media":"","overlay-type":"","overlay-color":"","overlay-opacity":"","overlay-gradient":""},"tablet":{"background-color":"","background-image":"","background-repeat":"repeat","background-position":"center center","background-size":"auto","background-attachment":"scroll","background-type":"","background-media":"","overlay-type":"","overlay-color":"","overlay-opacity":"","overlay-gradient":""},"mobile":{"background-color":"","background-image":"","background-repeat":"repeat","background-position":"center center","background-size":"auto","background-attachment":"scroll","background-type":"","background-media":"","overlay-type":"","overlay-color":"","overlay-opacity":"","overlay-gradient":""}},"ast-content-background-meta":{"desktop":{"background-color":"var(--ast-global-color-5)","background-image":"","background-repeat":"repeat","background-position":"center center","background-size":"auto","background-attachment":"scroll","background-type":"","background-media":"","overlay-type":"","overlay-color":"","overlay-opacity":"","overlay-gradient":""},"tablet":{"background-color":"var(--ast-global-color-5)","background-image":"","background-repeat":"repeat","background-position":"center center","background-size":"auto","background-attachment":"scroll","background-type":"","background-media":"","overlay-type":"","overlay-color":"","overlay-opacity":"","overlay-gradient":""},"mobile":{"background-color":"var(--ast-global-color-5)","background-image":"","background-repeat":"repeat","background-position":"center center","background-size":"auto","background-attachment":"scroll","background-type":"","background-media":"","overlay-type":"","overlay-color":"","overlay-opacity":"","overlay-gradient":""}},"_joinchat":[],"footnotes":""},"class_list":["post-24525","page","type-page","status-publish","hentry"],"_links":{"self":[{"href":"https:\/\/analaselvafisioterapia.com.br\/index.php\/wp-json\/wp\/v2\/pages\/24525","targetHints":{"allow":["GET"]}}],"collection":[{"href":"https:\/\/analaselvafisioterapia.com.br\/index.php\/wp-json\/wp\/v2\/pages"}],"about":[{"href":"https:\/\/analaselvafisioterapia.com.br\/index.php\/wp-json\/wp\/v2\/types\/page"}],"author":[{"embeddable":true,"href":"https:\/\/analaselvafisioterapia.com.br\/index.php\/wp-json\/wp\/v2\/users\/3"}],"replies":[{"embeddable":true,"href":"https:\/\/analaselvafisioterapia.com.br\/index.php\/wp-json\/wp\/v2\/comments?post=24525"}],"version-history":[{"count":17,"href":"https:\/\/analaselvafisioterapia.com.br\/index.php\/wp-json\/wp\/v2\/pages\/24525\/revisions"}],"predecessor-version":[{"id":24655,"href":"https:\/\/analaselvafisioterapia.com.br\/index.php\/wp-json\/wp\/v2\/pages\/24525\/revisions\/24655"}],"wp:attachment":[{"href":"https:\/\/analaselvafisioterapia.com.br\/index.php\/wp-json\/wp\/v2\/media?parent=24525"}],"curies":[{"name":"wp","href":"https:\/\/api.w.org\/{rel}","templated":true}]}}